{"id":140,"date":"2024-02-23T15:32:16","date_gmt":"2024-02-23T15:32:16","guid":{"rendered":"https:\/\/abadiati.com\/?page_id=140"},"modified":"2024-02-23T15:32:58","modified_gmt":"2024-02-23T15:32:58","slug":"140-2","status":"publish","type":"page","link":"https:\/\/abadiati.com\/index.php\/140-2\/","title":{"rendered":"Aviso de privacidad"},"content":{"rendered":"<div class=\"wpb-content-wrapper\"><p>[vc_row][vc_column][vc_column_text]AVISO DE PRIVACIDAD EMITIDO POR:<br \/>\nABAD\u00cdA CONSULTING, S.A. de C.V<br \/>\nEl presente documento constituye un AVISO DE PRIVACIDAD que emite ABADIA CONSULTING, S.A. DE C.V. de conformidad con lo dispuesto en los art\u00edculos 3 fracci\u00f3n I, 8, 12, 13, 14, 15, 16, 17, 36 y dem\u00e1s relativos y aplicables de la Ley Federal de Protecci\u00f3n de Datos Personales en Posesi\u00f3n de los Particulares (en lo sucesivo LFPDPPP) y de su Reglamento (RLFPDPPP).<br \/>\nEste aviso tiene por objeto dar a conocer que \u201cABADIA CONSULTING, S.A. DE C.V. al recolectar y tratar datos personales, protege; trata de manera leg\u00edtima, controlada e informada; y, garantiza la privacidad y el derecho a la autodeterminaci\u00f3n informativa de las personas f\u00edsicas o morales que tienen o tendr\u00e1n alguna relaci\u00f3n jur\u00eddica y comercial con ella.<br \/>\nLos datos personales y aquellos que en su caso sean considerados en la LFPDPPP como datos personales sensibles y cuya recolecci\u00f3n y tratamiento se hagan necesarios por los v\u00ednculos jur\u00eddicos existentes o que lleguen a existir entre usted o su representada y \u201cABADIA CONSULTING, S.A. DE C.V. siempre ser\u00e1n tratados por \u00e9sta bajo una expectativa razonable de privacidad, entendida como la confianza que deposita cualquier persona en otra, respecto de que los datos personales proporcionados entre ellos ser\u00e1n tratados conforme a lo que se haya acordado entre Usted o su representada y \u201cABADIA CONSULTING, S.A. DE C.V\u201d, o se haga indispensable en t\u00e9rminos de los actos jur\u00eddicos que se hayan celebrado y la ley.<br \/>\nEn tal sentido, en estricto cumplimiento a lo establecido en los art\u00edculos 16 y 36 de la LFPDPPP, \u201cABADIA CONSULTING, S.A. DE C.V. \u201d hace del conocimiento de sus clientes, lo siguiente:<br \/>\n1.- IDENTIDAD Y DOMICILIO DEL RESPONSABLE QUE RECABA LOS DATOS:<br \/>\nDenominaci\u00f3n: ABADIA CONSULTING S.A. DE C.V.<br \/>\nDomicilio: Sur 139 No. 1804, Col. Gabriel Ramos Mill\u00e1n, C.P. 08000, Ciudad de M\u00e9xico.<br \/>\n2.- FINALIDAD DEL TRATAMIENTO DE LOS DATOS PERSONALES QUE DE USTED RECABAMOS:<br \/>\nPreviamente a formalizar con Usted la contrataci\u00f3n de alg\u00fan servicio ofrecido por \u201cABADIA CONSULTING, S.A. DE C.V. \u201d, sus datos ser\u00e1n utilizados para realizar un an\u00e1lisis que nos permita tener la certeza jur\u00eddica sobre la viabilidad y formas legales y correctas en la celebraci\u00f3n de contratos, convenios y dem\u00e1s actos necesarios para el debido cumplimiento de las obligaciones derivadas de la probable relaci\u00f3n comercial; as\u00ed como para el an\u00e1lisis sobre la viabilidad en cuanto a solvencia econ\u00f3mica que le permita hacer frente al debido cumplimiento de sus posibles contrataciones de servicios.<br \/>\n\u2022 En caso de formalizar con Usted la aceptaci\u00f3n de alg\u00fan servicio ofrecido por \u201cABADIA CONSULTING, S.A. DE C.V.\u201d sus datos ser\u00e1n utilizados para el cumplimiento de las obligaciones derivadas de esa relaci\u00f3n jur\u00eddica y para cumplir con las disposiciones de car\u00e1cter fiscal en la expedici\u00f3n de comprobantes fiscales.<br \/>\n\u2022 Proveer los servicios que ha solicitado.<br \/>\n\u2022 Informarle sobre cambios en los mismos.<br \/>\n\u2022 Evaluar la calidad del servicio que le brindamos, atender quejas y aclaraciones sobre nuestros servicios.<br \/>\n\u2022 Mantener comunicaci\u00f3n en general, as\u00ed como dar seguimiento a nuestra relaci\u00f3n comercial.<br \/>\nUsted o su empresa como cliente y en reciprocidad con \u201cABADIA CONSULTING, S.A. DE C.V.\u201d deber\u00e1 sujetarse y hacer que sus empleados se sujeten a las reglas establecidas en la LFPDPPP y en el RLFPDPPP, en el tratamiento de los datos cuya titularidad sea de \u201cRLFPDPPP, S.A. DE C.V.\u201d y cuyo tratamiento sea indispensable por las relaciones comerciales y jur\u00eddicas que nos unen.<br \/>\n3.- OPCIONES Y MEDIOS QUE \u201cABADIA CONSULTING, S.A. DE C.V. \u201d OFRECE A USTED O A SU REPRESENTADA PARA LIMITAR EL USO O DIVULGACI\u00d3N DE SUS DATOS PERSONALES.<br \/>\nLa confidencialidad de sus datos est\u00e1 garantizada y los mismos est\u00e1n protegidos por medidas de seguridad administrativas, t\u00e9cnicas y f\u00edsicas para evitar su da\u00f1o, p\u00e9rdida, alteraci\u00f3n, destrucci\u00f3n, uso, acceso o divulgaci\u00f3n indebida. \u00danicamente las personas autorizadas tendr\u00e1n acceso a sus datos personales, estas personas cuentan con la debida capacitaci\u00f3n sobre el manejo de datos y datos sensibles sobre las personas y conocen las consecuencias legales que puede ocasionar el ilegal tratamiento de dichos datos.<br \/>\n4.- MEDIOS PARA EJERCER LOS DERECHOS DE ACCESO, RECTIFICACI\u00d3N, CANCELACI\u00d3N U OPOSICI\u00d3N DE SUS DATOS PERSONALES Y REVOCACI\u00d3N DEL CONSENTIMIENTO.<br \/>\nUsted tiene el derecho de:<br \/>\n\u2022 Acceder a sus datos personales que poseemos y a los detalles del tratamiento de los mismos conforme al presente AVISO DE PRIVACIDAD.<br \/>\n\u2022 Rectificarlos en caso de ser inexactos o incompletos.<br \/>\n\u2022 Cancelarlos cuando considere que no se requieren para alguna de las finalidades se\u00f1aladas en el presente aviso de privacidad, o est\u00e9n siendo utilizados para finalidades no consentidas o haya finalizado la relaci\u00f3n contractual o de servicio.<br \/>\n\u2022 Oponerse al tratamiento de los mismos para fines espec\u00edficos y, en su caso revocar el consentimiento que para tal fin nos haya sido otorgado.<br \/>\nLos medios para el ejercicio de los derechos mencionados en este apartado, se traducen en el siguiente PROCEDIMIENTO PARA EL EJERCICIO DE SUS DERECHOS Y REVOCACI\u00d3N DE SUS DATOS PERSONALES.<br \/>\nPresentar su solicitud respectiva en el domicilio se\u00f1alado por \u201cABADIA CONSULTING, S.A. DE C.V.\u201d en el apartado 1 del presente aviso en atenci\u00f3n al Encargado del Departamento de Datos Personales de \u201cABADIA CONSULTIG, S.A. DE C.V.\u201d o bien a trav\u00e9s del siguiente correo electr\u00f3nico: info@abadiati.com<br \/>\nSu solicitud deber\u00e1 contener: Nombre, domicilio y medio para recibir comunicaciones, identificaci\u00f3n o documento que acredite la personalidad del representante legal trat\u00e1ndose de personas morales, o en aquellos casos en que se requiera alguna representaci\u00f3n, la explicaci\u00f3n clara y precisa de los datos personales a los cuales requiere tener acceso, rectificar, cancelar, oponerse o revocar. Para el caso de la rectificaci\u00f3n deber\u00e1 precisar las modificaciones a realizarse y aportar un documento que justifique la rectificaci\u00f3n. Para el caso de cancelaci\u00f3n deber\u00e1 especificar los datos que deber\u00e1n ser cancelados. Para el caso de la oposici\u00f3n deber\u00e1 especificar las razones por las cuales se opone al tratamiento de sus datos.<br \/>\nLos plazos para atender su solicitud son: Una vez presentada su solicitud contamos con un plazo m\u00e1ximo de 20 d\u00edas h\u00e1biles para responder y 15 d\u00edas h\u00e1biles para hacer efectivo el ejercicio del derecho que solicite, en caso de que resulten procedentes. Los plazos podr\u00e1n ser ampliados por un periodo igual cuando existan hechos que lo justifiquen.<br \/>\nPara mayor informaci\u00f3n favor de comunicarse con el Encargado del Departamento de Datos Personales \u201cABADIA CONSULTING, S.A. DE C.V.\u201d o mediante correo electr\u00f3nico: info@abadiati.com<br \/>\n5.- TRANSFERENCIA DE SUS DATOS PERSONALES.<br \/>\nLe informamos que sus datos personales pueden ser tratados directa o indirectamente por \u201cABADIA CONSULTING, S.A. DE C.V\u201d al entregar o permitir que \u00e9sta recabe sus datos y\/o si usted suscribe por su propio derecho o en representaci\u00f3n de una persona moral u otra persona f\u00edsica los contratos, convenios, o documentos que instrumenten una relaci\u00f3n comercial.<br \/>\n6.- PROCEDIMIENTO Y MEDIO POR EL CUAL \u201cABADIA CONSULTING, S.A. DE C.V.\u201d COMUNICA LOS T\u00c9RMINOS DEL PRESENTE AVISO DE PRIVACIDAD Y COMUNICAR\u00c1 LOS PROBABLES CAMBIOS AL MISMO.<br \/>\nPara el conocimiento de los t\u00e9rminos del presente aviso de privacidad y los probables cambios que llegue a sufrir, \u201cABADIA CONSULTING, S.A. DE C.V. \u201d pone a su disposici\u00f3n los mismos a trav\u00e9s de los siguientes medios de difusi\u00f3n:<br \/>\na. Siempre tendr\u00e1 a su disposici\u00f3n el presente Aviso en el tablero de avisos de las instalaciones de \u201cABADIA CONSULTING, S.A. DE C.V..\u201d cuyo domicilio ya ha sido precisado; y\/o,<br \/>\nb. Podr\u00e1 imponerse del mismo en los contratos, convenios y\/o dem\u00e1s actos jur\u00eddicos o documentos que usted suscriba con \u201cABADIA CONSULTING, S.A. DE C.V.\u201d en que se instrumente alguna relaci\u00f3n jur\u00eddica con \u00e9sta; y\/o,<br \/>\nc. A trav\u00e9s de los mismos medios de notificaci\u00f3n previstos en los contratos, convenios y\/o dem\u00e1s actos jur\u00eddicos o documentos que suscriba con \u201cABADIA CONSULTING, S.A. DE C.V.\u201d en que se instrumente alguna relaci\u00f3n jur\u00eddica con \u00e9sta; y\/o,<br \/>\nd. A trav\u00e9s de correo electr\u00f3nico dirigido a la direcci\u00f3n electr\u00f3nica de la persona que normalmente mantenga comunicaci\u00f3n con \u201cABADIA CONSULTING, S.A. DE C.V.\u201d; y\/o,<br \/>\ne. Siempre podr\u00e1 solicitarlo por correo electr\u00f3nico a: info@abadiati.com<br \/>\nAtentamente,<br \/>\nABADIA CONSULTING, S.A. de C.V.<br \/>\n[\/vc_column_text][\/vc_column][\/vc_row]<\/p>\n<\/div>","protected":false},"excerpt":{"rendered":"<p>[vc_row][vc_column][vc_column_text]AVISO DE PRIVACIDAD EMITIDO POR: ABAD\u00cdA CONSULTING, S.A. de C.V El presente documento constituye un AVISO DE PRIVACIDAD que emite ABADIA CONSULTING, S.A. DE C.V. de conformidad con lo dispuesto en los art\u00edculos 3 fracci\u00f3n I, 8, 12, 13, 14, 15, 16, 17, 36 y dem\u00e1s relativos y aplicables de la Ley Federal de Protecci\u00f3n de Datos Personales en Posesi\u00f3n<\/p>\n<div class=\"h10\"><\/div>\n<p><a class=\"more-link1\" href=\"https:\/\/abadiati.com\/index.php\/140-2\/\">Read more<\/a><\/p>\n","protected":false},"author":1,"featured_media":0,"parent":0,"menu_order":0,"comment_status":"closed","ping_status":"closed","template":"","meta":{"_monsterinsights_skip_tracking":false,"_monsterinsights_sitenote_active":false,"_monsterinsights_sitenote_note":"","_monsterinsights_sitenote_category":0,"jetpack_post_was_ever_published":false,"footnotes":""},"class_list":["post-140","page","type-page","status-publish","hentry"],"aioseo_notices":[],"jetpack_sharing_enabled":true,"jetpack_shortlink":"https:\/\/wp.me\/PadTsf-2g","jetpack-related-posts":[],"_links":{"self":[{"href":"https:\/\/abadiati.com\/index.php\/wp-json\/wp\/v2\/pages\/140","targetHints":{"allow":["GET"]}}],"collection":[{"href":"https:\/\/abadiati.com\/index.php\/wp-json\/wp\/v2\/pages"}],"about":[{"href":"https:\/\/abadiati.com\/index.php\/wp-json\/wp\/v2\/types\/page"}],"author":[{"embeddable":true,"href":"https:\/\/abadiati.com\/index.php\/wp-json\/wp\/v2\/users\/1"}],"replies":[{"embeddable":true,"href":"https:\/\/abadiati.com\/index.php\/wp-json\/wp\/v2\/comments?post=140"}],"version-history":[{"count":3,"href":"https:\/\/abadiati.com\/index.php\/wp-json\/wp\/v2\/pages\/140\/revisions"}],"predecessor-version":[{"id":143,"href":"https:\/\/abadiati.com\/index.php\/wp-json\/wp\/v2\/pages\/140\/revisions\/143"}],"wp:attachment":[{"href":"https:\/\/abadiati.com\/index.php\/wp-json\/wp\/v2\/media?parent=140"}],"curies":[{"name":"wp","href":"https:\/\/api.w.org\/{rel}","templated":true}]}}