{"id":2,"date":"2018-03-26T21:37:25","date_gmt":"2018-03-26T21:37:25","guid":{"rendered":"http:\/\/abadiati.com\/\/?page_id=2"},"modified":"2018-09-03T21:46:07","modified_gmt":"2018-09-03T21:46:07","slug":"sample-page","status":"publish","type":"page","link":"https:\/\/abadiati.com\/","title":{"rendered":"Inicio"},"content":{"rendered":"<div class=\"wpb-content-wrapper\"><p>[vc_row full_width=&#8221;stretch_row_content_no_spaces&#8221; full_height=&#8221;yes&#8221; columns_placement=&#8221;top&#8221; equal_height=&#8221;yes&#8221; video_bg=&#8221;yes&#8221; video_bg_url=&#8221;https:\/\/www.youtube.com\/watch?v=fF6nmfYP2fs&#8221;][vc_column][\/vc_column][\/vc_row][vc_row el_id=&#8221;QuienesSomos&#8221;][vc_column width=&#8221;2\/3&#8243;][vc_column_text]<\/p>\n<h2><span style=\"color: #ffcc00;\"><span style=\"color: #000000;\">\u00bfQuienes somos?<\/span><br \/>\n<\/span><\/h2>\n<hr \/>\n<p>Somos una empresa formada por profesionistas con una trayectoria de m\u00e1s de 20 a\u00f1os en proyectos de Tecnolog\u00eda de la Informaci\u00f3n, como de Infraestructura, Comunicaciones, Administraci\u00f3n de Proyectos, Desarrollo de Software, Implementaci\u00f3n de Aplicaciones y Bases de Datos.<\/p>\n<h3>Compromiso<\/h3>\n<p>Con nuestros clientes, les ayudamos a maximizar sus inversiones mediante el uso adecuado de soluciones tecnol\u00f3gicas, una adecuada evaluaci\u00f3n y correcta implementaci\u00f3n para reducir sus costos de operaci\u00f3n al m\u00e1ximo.[\/vc_column_text][\/vc_column][vc_column width=&#8221;1\/3&#8243;][vc_single_image alignment=&#8221;center&#8221; css_animation=&#8221;boc_animate_when_almost_visible boc_right-to-left&#8221; image=&#8221;15&#8243;][\/vc_column][\/vc_row][vc_row full_width=&#8221;stretch_row_content_no_spaces&#8221; equal_height=&#8221;yes&#8221; parallax=&#8221;content-moving&#8221; parallax_image=&#8221;21&#8243; css=&#8221;.vc_custom_1536000781995{padding-top: 120px !important;padding-bottom: 120px !important;}&#8221;][vc_column][\/vc_column][\/vc_row][vc_row el_id=&#8221;Valores&#8221;][vc_column]<h2 class=\"boc_heading  center  boc_animate_when_almost_visible boc_top-to-bottom\"  style=\"margin-bottom: 20px;margin-top: 0px;color: #333;\"><span>Nuestros valores<\/span><\/h2>[vc_column_text]<\/p>\n<p style=\"text-align: center;\">En ABADIA nuestros valores son un componente integral de nuestra cultura, personalidad y estilo de trabajo.<\/p>\n<p>[\/vc_column_text][\/vc_column][\/vc_row][vc_row][vc_column width=&#8221;1\/3&#8243;]\n\t\t\t<style>\n\t\t\t\t#top_icon_box_22312.top_icon_box.type1 .icon_holder .icon_bgr { background-color: #f9c039; }\n\t\t\t\t#top_icon_box_22312.top_icon_box.type1:hover .icon_holder .icon_bgr { background-color: #fff; }\n\t\t\t\t#top_icon_box_22312.top_icon_box.type1:hover .icon_holder .icon_bgr { border: 2px solid #f9c039; }\n\t\t\t\t#top_icon_box_22312.top_icon_box.type1:hover .icon_holder .icon_bgr:after { border: 2px solid #f9c039; }\n\t\t\t\t#top_icon_box_22312.top_icon_box.type1:hover .icon_holder i { color: #f9c039;}\n\t\t\t\t\n\t\t\t\t#top_icon_box_22312.top_icon_box.type2 .icon_holder .icon_bgr { background-color: #f9c039; }\n\t\t\t\t#top_icon_box_22312.top_icon_box.type2:hover .icon_holder .icon_bgr { background-color: #fff; }\n\t\t\t\t#top_icon_box_22312.top_icon_box.type2:hover .icon_holder i { color: #f9c039;}\n\t\t\t\t\n\t\t\t\t#top_icon_box_22312.top_icon_box.type3 .icon_holder .icon_bgr:after { border: 2px solid #f9c039; }\n\t\t\t\t#top_icon_box_22312.top_icon_box.type3:hover .icon_holder .icon_bgr { background-color: #f9c039; }\n\t\t\t\t#top_icon_box_22312.top_icon_box.type3 .icon_holder i { color: #f9c039;}\n\t\t\t\t#top_icon_box_22312.top_icon_box.type3:hover .icon_holder i { color: #fff; }\n\t\t\t\t\n\t\t\t\t#top_icon_box_22312.top_icon_box.type4:hover .icon_holder  .icon_bgr { border: 2px solid #f9c039; }\n\t\t\t\t#top_icon_box_22312.top_icon_box.type4:hover .icon_holder .icon_bgr:after { border: 3px solid #f9c039; }\n\t\t\t\t#top_icon_box_22312.top_icon_box.type4 .icon_holder i{ color: #f9c039; }\n\t\t\t\t#top_icon_box_22312.top_icon_box.type4:hover .icon_holder i { color:  #f9c039; }\n\t\t\n\t\t\t\t#top_icon_box_22312.top_icon_box.type5 .icon_holder i{ color: #f9c039; }\n\t\t\t\t#top_icon_box_22312.top_icon_box.type5:hover .icon_holder i { color:  #f9c039; }\n\t\t\t<\/style>\n\t\t\t<div id=\"top_icon_box_22312\" class=\"top_icon_box type1  boc_animate_when_almost_visible\"><div class=\"icon_holder\"><div class=\"icon_bgr\"><\/div><div class=\"icon_center\"><i class=\"icon icon-check-square-o\"><\/i><\/div><\/div><h3>Calidad<\/h3><p><\/p><\/div>[\/vc_column][vc_column width=&#8221;1\/3&#8243;]\n\t\t\t<style>\n\t\t\t\t#top_icon_box_2301.top_icon_box.type1 .icon_holder .icon_bgr { background-color: #f9c039; }\n\t\t\t\t#top_icon_box_2301.top_icon_box.type1:hover .icon_holder .icon_bgr { background-color: #fff; }\n\t\t\t\t#top_icon_box_2301.top_icon_box.type1:hover .icon_holder .icon_bgr { border: 2px solid #f9c039; }\n\t\t\t\t#top_icon_box_2301.top_icon_box.type1:hover .icon_holder .icon_bgr:after { border: 2px solid #f9c039; }\n\t\t\t\t#top_icon_box_2301.top_icon_box.type1:hover .icon_holder i { color: #f9c039;}\n\t\t\t\t\n\t\t\t\t#top_icon_box_2301.top_icon_box.type2 .icon_holder .icon_bgr { background-color: #f9c039; }\n\t\t\t\t#top_icon_box_2301.top_icon_box.type2:hover .icon_holder .icon_bgr { background-color: #fff; }\n\t\t\t\t#top_icon_box_2301.top_icon_box.type2:hover .icon_holder i { color: #f9c039;}\n\t\t\t\t\n\t\t\t\t#top_icon_box_2301.top_icon_box.type3 .icon_holder .icon_bgr:after { border: 2px solid #f9c039; }\n\t\t\t\t#top_icon_box_2301.top_icon_box.type3:hover .icon_holder .icon_bgr { background-color: #f9c039; }\n\t\t\t\t#top_icon_box_2301.top_icon_box.type3 .icon_holder i { color: #f9c039;}\n\t\t\t\t#top_icon_box_2301.top_icon_box.type3:hover .icon_holder i { color: #fff; }\n\t\t\t\t\n\t\t\t\t#top_icon_box_2301.top_icon_box.type4:hover .icon_holder  .icon_bgr { border: 2px solid #f9c039; }\n\t\t\t\t#top_icon_box_2301.top_icon_box.type4:hover .icon_holder .icon_bgr:after { border: 3px solid #f9c039; }\n\t\t\t\t#top_icon_box_2301.top_icon_box.type4 .icon_holder i{ color: #f9c039; }\n\t\t\t\t#top_icon_box_2301.top_icon_box.type4:hover .icon_holder i { color:  #f9c039; }\n\t\t\n\t\t\t\t#top_icon_box_2301.top_icon_box.type5 .icon_holder i{ color: #f9c039; }\n\t\t\t\t#top_icon_box_2301.top_icon_box.type5:hover .icon_holder i { color:  #f9c039; }\n\t\t\t<\/style>\n\t\t\t<div id=\"top_icon_box_2301\" class=\"top_icon_box type1  boc_animate_when_almost_visible\"><div class=\"icon_holder\"><div class=\"icon_bgr\"><\/div><div class=\"icon_center\"><i class=\"icon icon-gears\"><\/i><\/div><\/div><h3>Resilencia<\/h3><p><\/p><\/div>[\/vc_column][vc_column width=&#8221;1\/3&#8243;]\n\t\t\t<style>\n\t\t\t\t#top_icon_box_8891.top_icon_box.type1 .icon_holder .icon_bgr { background-color: #f9c039; }\n\t\t\t\t#top_icon_box_8891.top_icon_box.type1:hover .icon_holder .icon_bgr { background-color: #fff; }\n\t\t\t\t#top_icon_box_8891.top_icon_box.type1:hover .icon_holder .icon_bgr { border: 2px solid #f9c039; }\n\t\t\t\t#top_icon_box_8891.top_icon_box.type1:hover .icon_holder .icon_bgr:after { border: 2px solid #f9c039; }\n\t\t\t\t#top_icon_box_8891.top_icon_box.type1:hover .icon_holder i { color: #f9c039;}\n\t\t\t\t\n\t\t\t\t#top_icon_box_8891.top_icon_box.type2 .icon_holder .icon_bgr { background-color: #f9c039; }\n\t\t\t\t#top_icon_box_8891.top_icon_box.type2:hover .icon_holder .icon_bgr { background-color: #fff; }\n\t\t\t\t#top_icon_box_8891.top_icon_box.type2:hover .icon_holder i { color: #f9c039;}\n\t\t\t\t\n\t\t\t\t#top_icon_box_8891.top_icon_box.type3 .icon_holder .icon_bgr:after { border: 2px solid #f9c039; }\n\t\t\t\t#top_icon_box_8891.top_icon_box.type3:hover .icon_holder .icon_bgr { background-color: #f9c039; }\n\t\t\t\t#top_icon_box_8891.top_icon_box.type3 .icon_holder i { color: #f9c039;}\n\t\t\t\t#top_icon_box_8891.top_icon_box.type3:hover .icon_holder i { color: #fff; }\n\t\t\t\t\n\t\t\t\t#top_icon_box_8891.top_icon_box.type4:hover .icon_holder  .icon_bgr { border: 2px solid #f9c039; }\n\t\t\t\t#top_icon_box_8891.top_icon_box.type4:hover .icon_holder .icon_bgr:after { border: 3px solid #f9c039; }\n\t\t\t\t#top_icon_box_8891.top_icon_box.type4 .icon_holder i{ color: #f9c039; }\n\t\t\t\t#top_icon_box_8891.top_icon_box.type4:hover .icon_holder i { color:  #f9c039; }\n\t\t\n\t\t\t\t#top_icon_box_8891.top_icon_box.type5 .icon_holder i{ color: #f9c039; }\n\t\t\t\t#top_icon_box_8891.top_icon_box.type5:hover .icon_holder i { color:  #f9c039; }\n\t\t\t<\/style>\n\t\t\t<div id=\"top_icon_box_8891\" class=\"top_icon_box type1  boc_animate_when_almost_visible\"><div class=\"icon_holder\"><div class=\"icon_bgr\"><\/div><div class=\"icon_center\"><i class=\"icon icon-rocket\"><\/i><\/div><\/div><h3>Innovaci\u00f3n<\/h3><p><\/p><\/div>[\/vc_column][\/vc_row][vc_row][vc_column width=&#8221;1\/3&#8243;]\n\t\t\t<style>\n\t\t\t\t#top_icon_box_48089.top_icon_box.type1 .icon_holder .icon_bgr { background-color: #f9c039; }\n\t\t\t\t#top_icon_box_48089.top_icon_box.type1:hover .icon_holder .icon_bgr { background-color: #fff; }\n\t\t\t\t#top_icon_box_48089.top_icon_box.type1:hover .icon_holder .icon_bgr { border: 2px solid #f9c039; }\n\t\t\t\t#top_icon_box_48089.top_icon_box.type1:hover .icon_holder .icon_bgr:after { border: 2px solid #f9c039; }\n\t\t\t\t#top_icon_box_48089.top_icon_box.type1:hover .icon_holder i { color: #f9c039;}\n\t\t\t\t\n\t\t\t\t#top_icon_box_48089.top_icon_box.type2 .icon_holder .icon_bgr { background-color: #f9c039; }\n\t\t\t\t#top_icon_box_48089.top_icon_box.type2:hover .icon_holder .icon_bgr { background-color: #fff; }\n\t\t\t\t#top_icon_box_48089.top_icon_box.type2:hover .icon_holder i { color: #f9c039;}\n\t\t\t\t\n\t\t\t\t#top_icon_box_48089.top_icon_box.type3 .icon_holder .icon_bgr:after { border: 2px solid #f9c039; }\n\t\t\t\t#top_icon_box_48089.top_icon_box.type3:hover .icon_holder .icon_bgr { background-color: #f9c039; }\n\t\t\t\t#top_icon_box_48089.top_icon_box.type3 .icon_holder i { color: #f9c039;}\n\t\t\t\t#top_icon_box_48089.top_icon_box.type3:hover .icon_holder i { color: #fff; }\n\t\t\t\t\n\t\t\t\t#top_icon_box_48089.top_icon_box.type4:hover .icon_holder  .icon_bgr { border: 2px solid #f9c039; }\n\t\t\t\t#top_icon_box_48089.top_icon_box.type4:hover .icon_holder .icon_bgr:after { border: 3px solid #f9c039; }\n\t\t\t\t#top_icon_box_48089.top_icon_box.type4 .icon_holder i{ color: #f9c039; }\n\t\t\t\t#top_icon_box_48089.top_icon_box.type4:hover .icon_holder i { color:  #f9c039; }\n\t\t\n\t\t\t\t#top_icon_box_48089.top_icon_box.type5 .icon_holder i{ color: #f9c039; }\n\t\t\t\t#top_icon_box_48089.top_icon_box.type5:hover .icon_holder i { color:  #f9c039; }\n\t\t\t<\/style>\n\t\t\t<div id=\"top_icon_box_48089\" class=\"top_icon_box type1  boc_animate_when_almost_visible\"><div class=\"icon_holder\"><div class=\"icon_bgr\"><\/div><div class=\"icon_center\"><i class=\"icon icon-users2\"><\/i><\/div><\/div><h3>Honestidad<\/h3><p><\/p><\/div>[\/vc_column][vc_column width=&#8221;1\/3&#8243;]\n\t\t\t<style>\n\t\t\t\t#top_icon_box_43174.top_icon_box.type1 .icon_holder .icon_bgr { background-color: #f9c039; }\n\t\t\t\t#top_icon_box_43174.top_icon_box.type1:hover .icon_holder .icon_bgr { background-color: #fff; }\n\t\t\t\t#top_icon_box_43174.top_icon_box.type1:hover .icon_holder .icon_bgr { border: 2px solid #f9c039; }\n\t\t\t\t#top_icon_box_43174.top_icon_box.type1:hover .icon_holder .icon_bgr:after { border: 2px solid #f9c039; }\n\t\t\t\t#top_icon_box_43174.top_icon_box.type1:hover .icon_holder i { color: #f9c039;}\n\t\t\t\t\n\t\t\t\t#top_icon_box_43174.top_icon_box.type2 .icon_holder .icon_bgr { background-color: #f9c039; }\n\t\t\t\t#top_icon_box_43174.top_icon_box.type2:hover .icon_holder .icon_bgr { background-color: #fff; }\n\t\t\t\t#top_icon_box_43174.top_icon_box.type2:hover .icon_holder i { color: #f9c039;}\n\t\t\t\t\n\t\t\t\t#top_icon_box_43174.top_icon_box.type3 .icon_holder .icon_bgr:after { border: 2px solid #f9c039; }\n\t\t\t\t#top_icon_box_43174.top_icon_box.type3:hover .icon_holder .icon_bgr { background-color: #f9c039; }\n\t\t\t\t#top_icon_box_43174.top_icon_box.type3 .icon_holder i { color: #f9c039;}\n\t\t\t\t#top_icon_box_43174.top_icon_box.type3:hover .icon_holder i { color: #fff; }\n\t\t\t\t\n\t\t\t\t#top_icon_box_43174.top_icon_box.type4:hover .icon_holder  .icon_bgr { border: 2px solid #f9c039; }\n\t\t\t\t#top_icon_box_43174.top_icon_box.type4:hover .icon_holder .icon_bgr:after { border: 3px solid #f9c039; }\n\t\t\t\t#top_icon_box_43174.top_icon_box.type4 .icon_holder i{ color: #f9c039; }\n\t\t\t\t#top_icon_box_43174.top_icon_box.type4:hover .icon_holder i { color:  #f9c039; }\n\t\t\n\t\t\t\t#top_icon_box_43174.top_icon_box.type5 .icon_holder i{ color: #f9c039; }\n\t\t\t\t#top_icon_box_43174.top_icon_box.type5:hover .icon_holder i { color:  #f9c039; }\n\t\t\t<\/style>\n\t\t\t<div id=\"top_icon_box_43174\" class=\"top_icon_box type1  boc_animate_when_almost_visible\"><div class=\"icon_holder\"><div class=\"icon_bgr\"><\/div><div class=\"icon_center\"><i class=\"icon icon-briefcase2\"><\/i><\/div><\/div><h3>Profesionalismo<\/h3><p><\/p><\/div>[\/vc_column][vc_column width=&#8221;1\/3&#8243;]\n\t\t\t<style>\n\t\t\t\t#top_icon_box_28274.top_icon_box.type1 .icon_holder .icon_bgr { background-color: #f9c039; }\n\t\t\t\t#top_icon_box_28274.top_icon_box.type1:hover .icon_holder .icon_bgr { background-color: #fff; }\n\t\t\t\t#top_icon_box_28274.top_icon_box.type1:hover .icon_holder .icon_bgr { border: 2px solid #f9c039; }\n\t\t\t\t#top_icon_box_28274.top_icon_box.type1:hover .icon_holder .icon_bgr:after { border: 2px solid #f9c039; }\n\t\t\t\t#top_icon_box_28274.top_icon_box.type1:hover .icon_holder i { color: #f9c039;}\n\t\t\t\t\n\t\t\t\t#top_icon_box_28274.top_icon_box.type2 .icon_holder .icon_bgr { background-color: #f9c039; }\n\t\t\t\t#top_icon_box_28274.top_icon_box.type2:hover .icon_holder .icon_bgr { background-color: #fff; }\n\t\t\t\t#top_icon_box_28274.top_icon_box.type2:hover .icon_holder i { color: #f9c039;}\n\t\t\t\t\n\t\t\t\t#top_icon_box_28274.top_icon_box.type3 .icon_holder .icon_bgr:after { border: 2px solid #f9c039; }\n\t\t\t\t#top_icon_box_28274.top_icon_box.type3:hover .icon_holder .icon_bgr { background-color: #f9c039; }\n\t\t\t\t#top_icon_box_28274.top_icon_box.type3 .icon_holder i { color: #f9c039;}\n\t\t\t\t#top_icon_box_28274.top_icon_box.type3:hover .icon_holder i { color: #fff; }\n\t\t\t\t\n\t\t\t\t#top_icon_box_28274.top_icon_box.type4:hover .icon_holder  .icon_bgr { border: 2px solid #f9c039; }\n\t\t\t\t#top_icon_box_28274.top_icon_box.type4:hover .icon_holder .icon_bgr:after { border: 3px solid #f9c039; }\n\t\t\t\t#top_icon_box_28274.top_icon_box.type4 .icon_holder i{ color: #f9c039; }\n\t\t\t\t#top_icon_box_28274.top_icon_box.type4:hover .icon_holder i { color:  #f9c039; }\n\t\t\n\t\t\t\t#top_icon_box_28274.top_icon_box.type5 .icon_holder i{ color: #f9c039; }\n\t\t\t\t#top_icon_box_28274.top_icon_box.type5:hover .icon_holder i { color:  #f9c039; }\n\t\t\t<\/style>\n\t\t\t<div id=\"top_icon_box_28274\" class=\"top_icon_box type1  boc_animate_when_almost_visible\"><div class=\"icon_holder\"><div class=\"icon_bgr\"><\/div><div class=\"icon_center\"><i class=\"icon icon-heart3\"><\/i><\/div><\/div><h3>Lealtad<\/h3><p><\/p><\/div>[\/vc_column][\/vc_row][vc_row full_width=&#8221;stretch_row_content_no_spaces&#8221; equal_height=&#8221;yes&#8221; parallax=&#8221;content-moving&#8221; parallax_image=&#8221;43&#8243; bg_type=&#8221;image&#8221; bg_image_new=&#8221;43&#8243; el_id=&#8221;imagenMicrosoft&#8221; css=&#8221;.vc_custom_1536001002076{padding-top: 80px !important;padding-bottom: 80px !important;}&#8221;][vc_column][\/vc_column][\/vc_row][vc_row el_id=&#8221;consultoriaMicrosoft&#8221;][vc_column]<h2 class=\"boc_heading  center  \"  style=\"margin-bottom: 20px;margin-top: 0px;color: #333;\"><span>Consultoria <strong>Microsoft<\/strong> <\/span><\/h2>[vc_column_text]<\/p>\n<p class=\"p1\" style=\"text-align: center;\">Contamos con consultores altamente capacitados y certificados que aseguran la calidad en el dimensionamiento, instalaci\u00f3n y capacitaci\u00f3n de sus proyectos.<\/p>\n<p class=\"p1\" style=\"text-align: center;\">Con esto garantizamos alcanzar los objetivos planteados por nuestros clientes y cumplimos en tiempo y respetando los presupuestos.<\/p>\n<p class=\"p1\" style=\"text-align: center;\">Utilizando la metodolog\u00eda \u201cSure Step\u201d de Microsoft, complementando con metodolog\u00eda de administraci\u00f3n de proyectos como PMP y SCRUM.<\/p>\n<p>[\/vc_column_text][\/vc_column][\/vc_row][vc_row][vc_column width=&#8221;1\/3&#8243;][vc_single_image alignment=&#8221;center&#8221; image=&#8221;53&#8243;][\/vc_column][vc_column width=&#8221;1\/3&#8243;][vc_single_image alignment=&#8221;center&#8221; image=&#8221;54&#8243;][vc_single_image image=&#8221;57&#8243;][\/vc_column][vc_column width=&#8221;1\/3&#8243;][vc_single_image alignment=&#8221;center&#8221; image=&#8221;55&#8243;][\/vc_column][\/vc_row][vc_row bg_type=&#8221;grad&#8221; bg_grad=&#8221;background: -webkit-gradient(linear, left top, left bottom, color-stop(83%, #F0D522), color-stop(99%, #000000));background: -moz-linear-gradient(top,#F0D522 83%,#000000 99%);background: -webkit-linear-gradient(top,#F0D522 83%,#000000 99%);background: -o-linear-gradient(top,#F0D522 83%,#000000 99%);background: -ms-linear-gradient(top,#F0D522 83%,#000000 99%);background: linear-gradient(top,#F0D522 83%,#000000 99%);&#8221;][vc_column][\/vc_column][\/vc_row][vc_row][vc_column]<h2 class=\"boc_heading  center  \"  style=\"margin-bottom: 20px;margin-top: 0px;color: #333;\"><span>Contacto<\/span><\/h2>[\/vc_column][\/vc_row][vc_row el_id=&#8221;Contacto&#8221;][vc_column width=&#8221;2\/3&#8243;]\n<div class=\"wpcf7 no-js\" id=\"wpcf7-f9-o1\" lang=\"en-US\" dir=\"ltr\" data-wpcf7-id=\"9\">\n<div class=\"screen-reader-response\"><p role=\"status\" aria-live=\"polite\" aria-atomic=\"true\"><\/p> <ul><\/ul><\/div>\n<form action=\"\/index.php\/wp-json\/wp\/v2\/pages\/2#wpcf7-f9-o1\" method=\"post\" class=\"wpcf7-form init\" aria-label=\"Contact form\" novalidate=\"novalidate\" data-status=\"init\">\n<div style=\"display: none;\">\n<input type=\"hidden\" name=\"_wpcf7\" value=\"9\" \/>\n<input type=\"hidden\" name=\"_wpcf7_version\" value=\"6.0.6\" \/>\n<input type=\"hidden\" name=\"_wpcf7_locale\" value=\"en_US\" \/>\n<input type=\"hidden\" name=\"_wpcf7_unit_tag\" value=\"wpcf7-f9-o1\" \/>\n<input type=\"hidden\" name=\"_wpcf7_container_post\" value=\"0\" \/>\n<input type=\"hidden\" name=\"_wpcf7_posted_data_hash\" value=\"\" \/>\n<input type=\"hidden\" name=\"_wpcf7_recaptcha_response\" value=\"\" \/>\n<\/div>\n<p><label> Nombre (required)<br \/>\n<span class=\"wpcf7-form-control-wrap\" data-name=\"your-name\"><input size=\"40\" maxlength=\"400\" class=\"wpcf7-form-control wpcf7-text wpcf7-validates-as-required\" aria-required=\"true\" aria-invalid=\"false\" value=\"\" type=\"text\" name=\"your-name\" \/><\/span> <\/label>\n<\/p>\n<p><label> Email (required)<br \/>\n<span class=\"wpcf7-form-control-wrap\" data-name=\"your-email\"><input size=\"40\" maxlength=\"400\" class=\"wpcf7-form-control wpcf7-email wpcf7-validates-as-required wpcf7-text wpcf7-validates-as-email\" aria-required=\"true\" aria-invalid=\"false\" value=\"\" type=\"email\" name=\"your-email\" \/><\/span> <\/label>\n<\/p>\n<p><label> Asunto<br \/>\n<span class=\"wpcf7-form-control-wrap\" data-name=\"your-subject\"><input size=\"40\" maxlength=\"400\" class=\"wpcf7-form-control wpcf7-text\" aria-invalid=\"false\" value=\"\" type=\"text\" name=\"your-subject\" \/><\/span> <\/label>\n<\/p>\n<p><label> Mensaje<br \/>\n<span class=\"wpcf7-form-control-wrap\" data-name=\"your-message\"><textarea cols=\"40\" rows=\"10\" maxlength=\"2000\" class=\"wpcf7-form-control wpcf7-textarea\" aria-invalid=\"false\" name=\"your-message\"><\/textarea><\/span> <\/label>\n<\/p>\n<p><input class=\"wpcf7-form-control wpcf7-submit has-spinner\" type=\"submit\" value=\"Enviar\" \/>\n<\/p><p style=\"display: none !important;\" class=\"akismet-fields-container\" data-prefix=\"_wpcf7_ak_\"><label>&#916;<textarea name=\"_wpcf7_ak_hp_textarea\" cols=\"45\" rows=\"8\" maxlength=\"100\"><\/textarea><\/label><input type=\"hidden\" id=\"ak_js_1\" name=\"_wpcf7_ak_js\" value=\"215\"\/><script>document.getElementById( \"ak_js_1\" ).setAttribute( \"value\", ( new Date() ).getTime() );<\/script><\/p><div class=\"wpcf7-response-output\" aria-hidden=\"true\"><\/div>\n<\/form>\n<\/div>\n[\/vc_column][vc_column width=&#8221;1\/3&#8243;][vc_single_image alignment=&#8221;center&#8221; style=&#8221;vc_box_rounded&#8221; css_animation=&#8221;boc_animate_when_almost_visible boc_right-to-left&#8221; image=&#8221;35&#8243;]<div class=\"side_icon_box large  \"><span class=\"icon_feat \" style=\"\"><i class=\"icon icon-phone3\" style=\"color: #e0b01f;\"><\/i><\/span><h3><strong>Contacto<\/strong><\/h3><div class=\"side_icon_box_content\">Tel. 55-2035-0883<\/p>\n<p>Correo: info@abadiati.com<\/div><\/div>[\/vc_column][\/vc_row]<\/p>\n<\/div>","protected":false},"excerpt":{"rendered":"<p>[vc_row full_width=&#8221;stretch_row_content_no_spaces&#8221; full_height=&#8221;yes&#8221; columns_placement=&#8221;top&#8221; equal_height=&#8221;yes&#8221; video_bg=&#8221;yes&#8221; video_bg_url=&#8221;https:\/\/www.youtube.com\/watch?v=fF6nmfYP2fs&#8221;][vc_column][\/vc_column][\/vc_row][vc_row el_id=&#8221;QuienesSomos&#8221;][vc_column width=&#8221;2\/3&#8243;][vc_column_text] \u00bfQuienes somos? Somos una empresa formada por profesionistas con una trayectoria de m\u00e1s de 20 a\u00f1os en proyectos de Tecnolog\u00eda de la Informaci\u00f3n, como de Infraestructura, Comunicaciones, Administraci\u00f3n de Proyectos, Desarrollo de Software, Implementaci\u00f3n de Aplicaciones y Bases de Datos. Compromiso Con nuestros clientes, les ayudamos a maximizar sus inversiones mediante<\/p>\n<div class=\"h10\"><\/div>\n<p><a class=\"more-link1\" href=\"https:\/\/abadiati.com\/\">Read more<\/a><\/p>\n","protected":false},"author":1,"featured_media":0,"parent":0,"menu_order":0,"comment_status":"closed","ping_status":"open","template":"","meta":{"_monsterinsights_skip_tracking":false,"_monsterinsights_sitenote_active":false,"_monsterinsights_sitenote_note":"","_monsterinsights_sitenote_category":0,"jetpack_post_was_ever_published":false,"footnotes":""},"class_list":["post-2","page","type-page","status-publish","hentry"],"aioseo_notices":[],"jetpack_sharing_enabled":true,"jetpack_shortlink":"https:\/\/wp.me\/PadTsf-2","jetpack-related-posts":[],"_links":{"self":[{"href":"https:\/\/abadiati.com\/index.php\/wp-json\/wp\/v2\/pages\/2","targetHints":{"allow":["GET"]}}],"collection":[{"href":"https:\/\/abadiati.com\/index.php\/wp-json\/wp\/v2\/pages"}],"about":[{"href":"https:\/\/abadiati.com\/index.php\/wp-json\/wp\/v2\/types\/page"}],"author":[{"embeddable":true,"href":"https:\/\/abadiati.com\/index.php\/wp-json\/wp\/v2\/users\/1"}],"replies":[{"embeddable":true,"href":"https:\/\/abadiati.com\/index.php\/wp-json\/wp\/v2\/comments?post=2"}],"version-history":[{"count":30,"href":"https:\/\/abadiati.com\/index.php\/wp-json\/wp\/v2\/pages\/2\/revisions"}],"predecessor-version":[{"id":62,"href":"https:\/\/abadiati.com\/index.php\/wp-json\/wp\/v2\/pages\/2\/revisions\/62"}],"wp:attachment":[{"href":"https:\/\/abadiati.com\/index.php\/wp-json\/wp\/v2\/media?parent=2"}],"curies":[{"name":"wp","href":"https:\/\/api.w.org\/{rel}","templated":true}]}}